{"id":65,"date":"2019-10-05T10:22:27","date_gmt":"2019-10-05T08:22:27","guid":{"rendered":"http:\/\/rita-comics.com\/?post_type=product&#038;p=65"},"modified":"2025-12-14T09:58:31","modified_gmt":"2025-12-14T08:58:31","slug":"rita-00","status":"publish","type":"product","link":"https:\/\/rita-comics.com\/?product=rita-00","title":{"rendered":"Rita #00"},"content":{"rendered":"<p>Rita #00, Revue illustr\u00e9e : Bande dessin\u00e9e, illustration, litt\u00e9rature, photographie, et plus !<br \/>\n100 pages couleur, jaquette en s\u00e9rigraphie (couverture : Bouzard et Pourqui\u00e9)<\/p>\n","protected":false},"excerpt":{"rendered":"<p>Rita #00, Revue illustr\u00e9e.<\/p>\n","protected":false},"featured_media":66,"comment_status":"open","ping_status":"closed","template":"","meta":[],"product_brand":[],"product_cat":[17,33],"product_tag":[],"class_list":{"0":"post-65","1":"product","2":"type-product","3":"status-publish","4":"has-post-thumbnail","6":"product_cat-rita","7":"product_cat-rita-la-revue","9":"first","10":"outofstock","11":"shipping-taxable","12":"purchasable","13":"product-type-simple"},"_links":{"self":[{"href":"https:\/\/rita-comics.com\/index.php?rest_route=\/wp\/v2\/product\/65","targetHints":{"allow":["GET"]}}],"collection":[{"href":"https:\/\/rita-comics.com\/index.php?rest_route=\/wp\/v2\/product"}],"about":[{"href":"https:\/\/rita-comics.com\/index.php?rest_route=\/wp\/v2\/types\/product"}],"replies":[{"embeddable":true,"href":"https:\/\/rita-comics.com\/index.php?rest_route=%2Fwp%2Fv2%2Fcomments&post=65"}],"wp:featuredmedia":[{"embeddable":true,"href":"https:\/\/rita-comics.com\/index.php?rest_route=\/wp\/v2\/media\/66"}],"wp:attachment":[{"href":"https:\/\/rita-comics.com\/index.php?rest_route=%2Fwp%2Fv2%2Fmedia&parent=65"}],"wp:term":[{"taxonomy":"product_brand","embeddable":true,"href":"https:\/\/rita-comics.com\/index.php?rest_route=%2Fwp%2Fv2%2Fproduct_brand&post=65"},{"taxonomy":"product_cat","embeddable":true,"href":"https:\/\/rita-comics.com\/index.php?rest_route=%2Fwp%2Fv2%2Fproduct_cat&post=65"},{"taxonomy":"product_tag","embeddable":true,"href":"https:\/\/rita-comics.com\/index.php?rest_route=%2Fwp%2Fv2%2Fproduct_tag&post=65"}],"curies":[{"name":"wp","href":"https:\/\/api.w.org\/{rel}","templated":true}]}}