{"id":661,"date":"2023-05-18T21:17:14","date_gmt":"2023-05-18T19:17:14","guid":{"rendered":"https:\/\/rita-comics.com\/?post_type=product&#038;p=661"},"modified":"2023-05-18T21:19:13","modified_gmt":"2023-05-18T19:19:13","slug":"rita-%e5%85%ad-deluge-manga","status":"publish","type":"product","link":"https:\/\/rita-comics.com\/?product=rita-%e5%85%ad-deluge-manga","title":{"rendered":"Rita #\u516d, D\u00e9luge manga"},"content":{"rendered":"<p>RITA est une revue post-apocalyptique de bandes dessin\u00e9es, illustrations, litt\u00e9rature, po\u00e9sie et photographie de type fanzine, fond\u00e9e sur le b\u00e9n\u00e9volat. <\/p>\n<p>Ce num\u00e9ro de Rita est le sixi\u00e8me. Il a pour th\u00e8me D\u00e9luge manga.<br \/>\nD\u00e9luge comme catastrophe mais aussi promesse de renouveau ; tsunami de la bande dessin\u00e9e de ce Japon tant aim\u00e9. Manga, image d\u00e9risoire, si l\u2019on se r\u00e9f\u00e8re \u00e0 l\u2019\u00e9tymologie.<\/p>\n<p>Vous trouvez \u00e9galement avec ce num\u00e9ro deux suppl\u00e9ments:<br \/>\n\u2022 Le cahier La R\u00e9publique po\u00e9tique, avec pour th\u00e8me Qu\u2019est-ce que l\u2019amour a \u00e0 voir avec \u00e7a ?  , m\u00ealant po\u00e8mes et dessins sous une forme exploratoire.<br \/>\n\u2022 Le conte &#8220;\u00e0 peu pr\u00e8s&#8221; manga  Ramdam rude aux Bermudes de David Gelot<\/p>\n<p>136 pages couleur et n&#038;b rassembl\u00e9es sous une jaquette imprim\u00e9e en s\u00e9rigraphie sign\u00e9e Line Hachem.<\/p>\n","protected":false},"excerpt":{"rendered":"<p>RITA #\u516d : Cahier D\u00e9luge manga + La R\u00e9publique po\u00e9tique + le manga &#8220;\u00e0 peu pr\u00e8s&#8221; Ramdam rude aux Bermudes = 136 pages couleur et n&#038;b.<\/p>\n<p>Le tout rassembl\u00e9 sous une jaquette imprim\u00e9e en s\u00e9rigraphie sign\u00e9e Line Hachem.<\/p>\n","protected":false},"featured_media":657,"comment_status":"closed","ping_status":"closed","template":"","meta":[],"product_brand":[],"product_cat":[17,33],"product_tag":[],"class_list":{"0":"post-661","1":"product","2":"type-product","3":"status-publish","4":"has-post-thumbnail","6":"product_cat-rita","7":"product_cat-rita-la-revue","9":"first","10":"instock","11":"shipping-taxable","12":"purchasable","13":"product-type-simple"},"_links":{"self":[{"href":"https:\/\/rita-comics.com\/index.php?rest_route=\/wp\/v2\/product\/661","targetHints":{"allow":["GET"]}}],"collection":[{"href":"https:\/\/rita-comics.com\/index.php?rest_route=\/wp\/v2\/product"}],"about":[{"href":"https:\/\/rita-comics.com\/index.php?rest_route=\/wp\/v2\/types\/product"}],"replies":[{"embeddable":true,"href":"https:\/\/rita-comics.com\/index.php?rest_route=%2Fwp%2Fv2%2Fcomments&post=661"}],"wp:featuredmedia":[{"embeddable":true,"href":"https:\/\/rita-comics.com\/index.php?rest_route=\/wp\/v2\/media\/657"}],"wp:attachment":[{"href":"https:\/\/rita-comics.com\/index.php?rest_route=%2Fwp%2Fv2%2Fmedia&parent=661"}],"wp:term":[{"taxonomy":"product_brand","embeddable":true,"href":"https:\/\/rita-comics.com\/index.php?rest_route=%2Fwp%2Fv2%2Fproduct_brand&post=661"},{"taxonomy":"product_cat","embeddable":true,"href":"https:\/\/rita-comics.com\/index.php?rest_route=%2Fwp%2Fv2%2Fproduct_cat&post=661"},{"taxonomy":"product_tag","embeddable":true,"href":"https:\/\/rita-comics.com\/index.php?rest_route=%2Fwp%2Fv2%2Fproduct_tag&post=661"}],"curies":[{"name":"wp","href":"https:\/\/api.w.org\/{rel}","templated":true}]}}