{"id":756,"date":"2024-10-18T22:00:30","date_gmt":"2024-10-18T20:00:30","guid":{"rendered":"https:\/\/rita-comics.com\/?post_type=product&#038;p=756"},"modified":"2025-09-08T10:53:11","modified_gmt":"2025-09-08T08:53:11","slug":"maraudeurs-thierry-martin","status":"publish","type":"product","link":"https:\/\/rita-comics.com\/?product=maraudeurs-thierry-martin","title":{"rendered":"Maraudeurs, Thierry Martin"},"content":{"rendered":"<p>Dans la d\u00e9j\u00e0 fameuse collection Comac-Comaq-Comax dirig\u00e9e par Jean-Marc Le Cohu\u00e9, Thierry Martin nous livre <em>Maraudeurs<\/em>, une fable gla\u00e7ante au graphisme tout \u00e0 la fois \u00e9lastique et intense toujours aussi impeccable.<br \/>\nCouverture couleur, 32 p N&amp;B, Septembre 2024<\/p>\n","protected":false},"excerpt":{"rendered":"<p><em>Maraudeurs<\/em>, un r\u00e9cit post-apo sign\u00e9 Thierry Martin, toujours plus \u00e0 l&#8217;aise dans ses voyages graphiques d&#8217;un N&amp;B \u00e9l\u00e9gant, fun et puissant.<br \/>\nCouv. Couleur, 32 p N&amp;B, 17 x 24,5 cm<\/p>\n","protected":false},"featured_media":755,"comment_status":"closed","ping_status":"closed","template":"","meta":[],"product_brand":[],"product_cat":[39],"product_tag":[],"class_list":{"0":"post-756","1":"product","2":"type-product","3":"status-publish","4":"has-post-thumbnail","6":"product_cat-comac","8":"first","9":"instock","10":"shipping-taxable","11":"purchasable","12":"product-type-simple"},"_links":{"self":[{"href":"https:\/\/rita-comics.com\/index.php?rest_route=\/wp\/v2\/product\/756","targetHints":{"allow":["GET"]}}],"collection":[{"href":"https:\/\/rita-comics.com\/index.php?rest_route=\/wp\/v2\/product"}],"about":[{"href":"https:\/\/rita-comics.com\/index.php?rest_route=\/wp\/v2\/types\/product"}],"replies":[{"embeddable":true,"href":"https:\/\/rita-comics.com\/index.php?rest_route=%2Fwp%2Fv2%2Fcomments&post=756"}],"wp:featuredmedia":[{"embeddable":true,"href":"https:\/\/rita-comics.com\/index.php?rest_route=\/wp\/v2\/media\/755"}],"wp:attachment":[{"href":"https:\/\/rita-comics.com\/index.php?rest_route=%2Fwp%2Fv2%2Fmedia&parent=756"}],"wp:term":[{"taxonomy":"product_brand","embeddable":true,"href":"https:\/\/rita-comics.com\/index.php?rest_route=%2Fwp%2Fv2%2Fproduct_brand&post=756"},{"taxonomy":"product_cat","embeddable":true,"href":"https:\/\/rita-comics.com\/index.php?rest_route=%2Fwp%2Fv2%2Fproduct_cat&post=756"},{"taxonomy":"product_tag","embeddable":true,"href":"https:\/\/rita-comics.com\/index.php?rest_route=%2Fwp%2Fv2%2Fproduct_tag&post=756"}],"curies":[{"name":"wp","href":"https:\/\/api.w.org\/{rel}","templated":true}]}}