{"id":888,"date":"2025-07-03T15:37:02","date_gmt":"2025-07-03T13:37:02","guid":{"rendered":"https:\/\/rita-comics.com\/?post_type=product&#038;p=888"},"modified":"2025-12-14T09:06:19","modified_gmt":"2025-12-14T08:06:19","slug":"la-republique-poetique","status":"publish","type":"product","link":"https:\/\/rita-comics.com\/?product=la-republique-poetique","title":{"rendered":"La R\u00e9publique Po\u00e9tique"},"content":{"rendered":"<p>En ce 11 mars 2025, entre peur et r\u00eaverie un chou\u00efa nostalgique, s\u2019est r\u00e9unie l\u2019Assembl\u00e9e Constituante de La R\u00e9publique Po\u00e9tique. Enfin, c\u2019est presque vrai.<br \/>\nLa direction \u00e9ditoriale est assur\u00e9e par Val\u00e9rie Rolandez-Barrios.<\/p>\n<p>Les dessins et gravures sont de Hadil Salih, sauf mention.<br \/>\nLes textes sont de Jeanne Brigand, Daniel Okroglic, Dominique Bornhauser, Christine Canault, Brice Jehanno, Bettina Guedoko, Yas, \u00cfan Larue, Laurie Calbiol, L\u00e9onie Lob, Gabrielle Levy, Nadia Tebani, Octavie, Julien Berret, Erick Aouchar, Victoria Reid, Aparna Mazumdar.<\/p>\n<p>Conception graphique &#8211; en une ivresse illumin\u00e9e &#8211; Jeff Pourqui\u00e9 et Gabrielle Gab Levy. La R\u00e9publique Po\u00e9tique est une r\u00e9alisation de la Coop\u00e9Rita.<\/p>\n","protected":false},"excerpt":{"rendered":"<p style=\"text-align: left;\">Le dernier num\u00e9ro de La R\u00e9publique Po\u00e9tique est fini et il sort sous la forme d&#8217;un beau leporello de 14 pages coll\u00e9 et pli\u00e9 \u00e0 la main.<\/p>\n","protected":false},"featured_media":889,"comment_status":"closed","ping_status":"closed","template":"","meta":[],"product_brand":[],"product_cat":[17,40,33],"product_tag":[],"class_list":{"0":"post-888","1":"product","2":"type-product","3":"status-publish","4":"has-post-thumbnail","6":"product_cat-rita","7":"product_cat-repupo","8":"product_cat-rita-la-revue","10":"first","11":"instock","12":"shipping-taxable","13":"purchasable","14":"product-type-simple"},"_links":{"self":[{"href":"https:\/\/rita-comics.com\/index.php?rest_route=\/wp\/v2\/product\/888","targetHints":{"allow":["GET"]}}],"collection":[{"href":"https:\/\/rita-comics.com\/index.php?rest_route=\/wp\/v2\/product"}],"about":[{"href":"https:\/\/rita-comics.com\/index.php?rest_route=\/wp\/v2\/types\/product"}],"replies":[{"embeddable":true,"href":"https:\/\/rita-comics.com\/index.php?rest_route=%2Fwp%2Fv2%2Fcomments&post=888"}],"wp:featuredmedia":[{"embeddable":true,"href":"https:\/\/rita-comics.com\/index.php?rest_route=\/wp\/v2\/media\/889"}],"wp:attachment":[{"href":"https:\/\/rita-comics.com\/index.php?rest_route=%2Fwp%2Fv2%2Fmedia&parent=888"}],"wp:term":[{"taxonomy":"product_brand","embeddable":true,"href":"https:\/\/rita-comics.com\/index.php?rest_route=%2Fwp%2Fv2%2Fproduct_brand&post=888"},{"taxonomy":"product_cat","embeddable":true,"href":"https:\/\/rita-comics.com\/index.php?rest_route=%2Fwp%2Fv2%2Fproduct_cat&post=888"},{"taxonomy":"product_tag","embeddable":true,"href":"https:\/\/rita-comics.com\/index.php?rest_route=%2Fwp%2Fv2%2Fproduct_tag&post=888"}],"curies":[{"name":"wp","href":"https:\/\/api.w.org\/{rel}","templated":true}]}}